{"id":87,"date":"2016-05-15T10:35:20","date_gmt":"2016-05-15T10:35:20","guid":{"rendered":"http:\/\/ausz.org\/?page_id=87"},"modified":"2023-04-13T10:36:56","modified_gmt":"2023-04-13T10:36:56","slug":"auszerdem","status":"publish","type":"page","link":"https:\/\/ausz.org\/?page_id=87","title":{"rendered":"AUSZERDEM"},"content":{"rendered":"<p><\/p>\n\n<!-- wp:themify-builder\/canvas \/-->","protected":false},"excerpt":{"rendered":"","protected":false},"author":1,"featured_media":0,"parent":0,"menu_order":0,"comment_status":"closed","ping_status":"closed","template":"","meta":{"ngg_post_thumbnail":0},"builder_content":"<p><em>\u201eAnd now for something completely different \u2013 Und nun zu etwas v\u00f6llig anderem\u201c<\/em><\/p> <p><em>&nbsp;&nbsp;&nbsp;&nbsp;&nbsp;&nbsp;&nbsp;&nbsp;&nbsp;&nbsp;&nbsp;&nbsp;&nbsp;&nbsp;&nbsp;&nbsp;&nbsp;&nbsp;&nbsp;&nbsp;&nbsp;&nbsp;&nbsp;&nbsp;&nbsp;&nbsp;&nbsp;&nbsp;&nbsp;&nbsp;&nbsp;&nbsp;&nbsp;&nbsp;&nbsp;&nbsp;&nbsp;&nbsp;&nbsp;&nbsp;&nbsp;&nbsp;&nbsp;&nbsp;&nbsp;&nbsp;&nbsp;&nbsp;&nbsp;&nbsp;&nbsp;&nbsp;&nbsp;&nbsp;&nbsp;&nbsp;&nbsp;&nbsp; &nbsp;&nbsp;&nbsp;&nbsp;&nbsp;&nbsp;&nbsp;&nbsp;&nbsp;&nbsp;&nbsp;&nbsp;&nbsp;&nbsp;&nbsp;&nbsp;&nbsp;&nbsp;&nbsp;&nbsp;&nbsp;&nbsp;&nbsp;&nbsp;&nbsp;&nbsp;&nbsp;&nbsp;&nbsp;&nbsp;&nbsp; Monty Python\u2019s Flying Circus<\/em><\/p> <p><em>&nbsp;<\/em><\/p> <p>Kreativit\u00e4t ist ein nicht versiegender sch\u00f6pferischer Strom, sie erkennt keine Grenzen an, sie ist frei und macht alles M\u00f6gliche und alles m\u00f6glich. Musizieren, Schreiben, Zeichnen, Malen \u2013 k\u00fcnstlerisches Schaffen kann viele Gew\u00e4nder haben. Musiker schreiben, Maler musizieren, Schriftsteller zeichnen. Bei AUSZ, der Duisburger Formation f\u00fcr freie Musik und AUSZ-Art, gab und gibt es viele Arten sich auszudr\u00fccken, parallel zur Band, mit Blick auf die Band und ganz einfach auch ohne die Band \u2013 vom Plakat \u00fcber die Zeichnung bis hin zum Gedicht oder der autobiografischen Kurzgeschichte.<\/p> <p><a style=\"color: #ff0000;\" href=\"http:\/\/ausz.org\/?page_id=89\" target=\"\\&quot;_blank\\&quot;\"><strong>Akrobat<\/strong><\/a><\/p> <p>Aus dem Gedichtband AKROBAT von Karlheinz Burandt, OTZ-Verlag Duisburg 1978. Mit einer Zeichnung des Autors<\/p> <p><a style=\"color: #000000;\" href=\"http:\/\/ausz.org\/?page_id=94\" target=\"\\&quot;_blank\\&quot;\"><strong>Der liebe Gott wird dreckige Finger m\u00f6gen<\/strong><\/a><\/p> <p>Auszug aus dem Buch \u201eUm Himmels Willen\u201c von Martin Urrigshardt<\/p> <p><a href=\"http:\/\/urrigshardt.de\/?page_id=2338\" target=\"\\&quot;_blank\\&quot;\"><strong>Gem\u00e4lde<\/strong><\/a><\/p> <p>Bunt gestaltete Leinw\u00e4nde von Martin Urrigshardt<\/p> <p><b><a style=\"color: #ff0000;\" href=\"http:\/\/ausz.org\/?page_id=6380\" target=\"\\&quot;_blank\\&quot;\">Luckys<\/a>&nbsp;<\/b>AUSZERDEM<\/p>","_links":{"self":[{"href":"https:\/\/ausz.org\/index.php?rest_route=\/wp\/v2\/pages\/87"}],"collection":[{"href":"https:\/\/ausz.org\/index.php?rest_route=\/wp\/v2\/pages"}],"about":[{"href":"https:\/\/ausz.org\/index.php?rest_route=\/wp\/v2\/types\/page"}],"author":[{"embeddable":true,"href":"https:\/\/ausz.org\/index.php?rest_route=\/wp\/v2\/users\/1"}],"replies":[{"embeddable":true,"href":"https:\/\/ausz.org\/index.php?rest_route=%2Fwp%2Fv2%2Fcomments&post=87"}],"version-history":[{"count":18,"href":"https:\/\/ausz.org\/index.php?rest_route=\/wp\/v2\/pages\/87\/revisions"}],"predecessor-version":[{"id":7342,"href":"https:\/\/ausz.org\/index.php?rest_route=\/wp\/v2\/pages\/87\/revisions\/7342"}],"wp:attachment":[{"href":"https:\/\/ausz.org\/index.php?rest_route=%2Fwp%2Fv2%2Fmedia&parent=87"}],"curies":[{"name":"wp","href":"https:\/\/api.w.org\/{rel}","templated":true}]}}