{"id":6355,"date":"2016-05-19T14:48:08","date_gmt":"2016-05-19T14:48:08","guid":{"rendered":"http:\/\/ausz.org\/?page_id=6355"},"modified":"2022-11-22T09:25:53","modified_gmt":"2022-11-22T09:25:53","slug":"ausz-dauer","status":"publish","type":"page","link":"https:\/\/ausz.org\/?page_id=6355","title":{"rendered":"AUSZ-DAUER"},"content":{"rendered":"\n\n<!-- wp:themify-builder\/canvas \/-->","protected":false},"excerpt":{"rendered":"","protected":false},"author":1,"featured_media":0,"parent":0,"menu_order":0,"comment_status":"closed","ping_status":"closed","template":"","meta":{"ngg_post_thumbnail":0},"builder_content":"<h2 style=\"text-align: center;\">AUSZ-DAUER<\/h2><p>\u00a0<\/p><p>AUSZ-Dauer \u2013 Duisburg, Glottertal und 38 Jahre Pause<\/p><p>An sch\u00f6nen Bandnamen herrscht in den fr\u00fchen 1970er-Jahren in Duisburg kein Mangel. Aus den Vorg\u00e4ngergruppen T. Erpentin und Oxymoron heraus, die wiederum auf Vorg\u00e4ngergruppen wie Love Minus Zero, Noctis und Kiste II Wildschwein basieren, bildet sich Anfang 1973 die erste AUSZ-Formation, ein Sextett.<\/p><p>AUSZ 1: Tom Altrogge (Violine\/Gitarre), Kalle Burandt (Bass), Peter Dietz (Gitarre), Carl \u201eMotte\u201c Korte (Tasteninstrumente), Lucky Ruhnau (Schlagzeug), Frank Socha (Gesang\/Querfl\u00f6te).<\/p><p>AUSZ 2: Ohne Korte zum Quintett geschrumpft, findet die B\u00fchnenpremiere am 22. Mai 1973 im Duisburger Laden statt. Bei einem Benefizkonzert f\u00fcr das Duisburger Jugendzentrum Eschhaus am 26. Januar 1974 spielt die F\u00fcnfer-Besetzung zum letzten Mal \u00f6ffentlich.<\/p><p>Zwischenspiel: Nur f\u00fcr ein einziges Konzert, einen Auftritt vor dem Duisburger Stadttheater am 20. August 1973, zeigt sich die Band vor\u00fcbergehend als Quartett in dieser Besetzung: Tom Altrogge (Violine\/Gitarre), Kalle Burandt (Bass), <a href=\"http:\/\/www.ashpelikan.de\/\">\u00a0A.S.H. Pelikan<\/a> (Gitarre), Lucky Ruhnau (Schlagzeug).<\/p><p>AUSZ 3: Das neue AUSZ-Quartett ab dem Fr\u00fchjahr 1974 besteht aus Tom Altrogge (Violine), Kalle Burandt (Bass), Peter Dietz (Gitarre), Lucky Ruhnau (Schlagzeug). Der erste Gig f\u00fchrt die Band am 26. Mai 1974 nach Essen, zum letzten Mal steht diese Besetzung am 24. Juli 1974 in Rheinhausen auf der B\u00fchne.<\/p><p>Zwischenspiel: F\u00fcr ein Open Air-Konzert im Duisburger S\u00fcden am 14. Juli 1974 verst\u00e4rkt sich das Quartett mit dem Gitarristen Frank Steinfort und dem Perkussionisten und Elektroniker John L., der zuvor an dem Album \u201eSchwingungen\u201c der Berliner Band Ash Ra Tempel mitgewirkt hat.<\/p><p>AUSZ 4: 1975 findet die Kernformation des AUSZ-Ensembles zusammen. Saxophonist Martin Urrigshardt ist der neue vierte Mann an der Seite von Burandt, Dietz und Ruhnau. Die Marke \u201eFreerock &amp; Kaputtmusik\u201c entsteht. Die Auftritte der Band wie \u201eEin Abend mit AUSZ\u201c am 23. Juni 1977 im Duisburger Studio M der Mercatorhalle zeugen von einer Entwicklung hin zur Performance, zum Musiktheater. Am 11. September 1977 spielt diese Kernformation von AUSZ ein letztes Mal \u00f6ffentlich bei einer Anti-AKW-Veranstaltung in Duisburg an der Seite der Duisburger Band Glatter Wahnsinn und des K\u00f6lner Stra\u00dfenmusikers und Liedermachers Klaus der Geiger. Anfang 1978 endet dieses Kapitel der Gruppe AUSZ.<\/p><p>AUSZ 5: Nach 38-j\u00e4hriger Pause setzen Burandt, Ruhnau und Urrigshardt das AUSZ-Projekt ab Mai 2016 als Trio fort \u2013 mit Bass, Gitarre, Schlagzeug, Perkussion, Sax, Keyboards, Didgeridoo, Kalimba und was sonst noch T\u00f6ne hervorbringt. Zun\u00e4chst als virtuelles, multimediales, interdisziplin\u00e4res k\u00fcnstlerisches Statement, dann \u2013 erstmals am 16. und 17. September 2016 - \u00a0real im Studio, Ohr an Ohr. \u00a0Statt des abstrakten Musizierens an verschiedenen Orten, statt des melodisch-rhythmischen Auslotens ohne einander zu h\u00f6ren und zu sehen, ohne sich \u00fcberhaupt nahe zu sein, findet das AUSZ-Ensemble zu Aufnahmen im Glottertalstudio zusammen. Drei Musiker, die auch dort intuitiv, spontan, autark und frei miteinander kommunizieren. Doch der musikalische Austausch ist nun konkret, direkt, er lebt vom gemeinsamen Moment und der M\u00f6glichkeit kreativ zu reagieren. Auf Ideen, T\u00f6ne, Rhythmen, Melodien. Ein neues Erleben, ein neues AUSZ-Leben, bei dem St\u00fccke wie \u201e\u00dcberGl\u00fcck\u201c, \u201eTerraausz\u201c und \u201eBallade de la Transe\u201c entstehen. Alles zu h\u00f6ren\u00a0unter <a href=\"_wp_link_placeholder\">AUSZ-T\u00f6ne.<\/a><\/p><p>K.B. \u00a0<\/p><p> \u00a0\u00a0<\/p>","_links":{"self":[{"href":"https:\/\/ausz.org\/index.php?rest_route=\/wp\/v2\/pages\/6355"}],"collection":[{"href":"https:\/\/ausz.org\/index.php?rest_route=\/wp\/v2\/pages"}],"about":[{"href":"https:\/\/ausz.org\/index.php?rest_route=\/wp\/v2\/types\/page"}],"author":[{"embeddable":true,"href":"https:\/\/ausz.org\/index.php?rest_route=\/wp\/v2\/users\/1"}],"replies":[{"embeddable":true,"href":"https:\/\/ausz.org\/index.php?rest_route=%2Fwp%2Fv2%2Fcomments&post=6355"}],"version-history":[{"count":18,"href":"https:\/\/ausz.org\/index.php?rest_route=\/wp\/v2\/pages\/6355\/revisions"}],"predecessor-version":[{"id":7237,"href":"https:\/\/ausz.org\/index.php?rest_route=\/wp\/v2\/pages\/6355\/revisions\/7237"}],"wp:attachment":[{"href":"https:\/\/ausz.org\/index.php?rest_route=%2Fwp%2Fv2%2Fmedia&parent=6355"}],"curies":[{"name":"wp","href":"https:\/\/api.w.org\/{rel}","templated":true}]}}