{"id":125,"date":"2016-05-16T09:26:02","date_gmt":"2016-05-16T09:26:02","guid":{"rendered":"http:\/\/ausz.org\/?page_id=125"},"modified":"2023-04-12T10:24:06","modified_gmt":"2023-04-12T10:24:06","slug":"ein-abend-mit-ausz","status":"publish","type":"page","link":"https:\/\/ausz.org\/?page_id=125","title":{"rendered":"Ein Abend mit AUSZ"},"content":{"rendered":"<!-- wp:themify-builder\/canvas \/-->","protected":false},"excerpt":{"rendered":"","protected":false},"author":1,"featured_media":0,"parent":0,"menu_order":0,"comment_status":"closed","ping_status":"closed","template":"","meta":{"ngg_post_thumbnail":0},"builder_content":"<h1 style=\"text-align: center;\">Ein Abend mit AUSZ<\/h1> <p style=\"text-align: left;\">Auf diesen Abend lief alles hinaus. \u201eDas war eine Produktion des Z, nein, nein, nein, der A \u2013 U \u2013 S \u2013 Z\u201c, sagte Bassist und Sprecher Kalle Burandt am Ende, als sich alle im Duisburger Studio M auf der B\u00fchne verbeugten. \u201eEs war ein AUSZ-ART-Produkt, eine OTZ-MUSIK-Produktion, ein Mandelmond-Mix, eine King-Kong-Veranstaltung, ein Tag wie jeder andere.\u201c<\/p> <p style=\"text-align: left;\">Und genau der war es nat\u00fcrlich nicht. \u201eEIN ABEND MIT AUSZ\u201c hie\u00df die intensiv vorbereitete Veranstaltung, die vieles war, ein Rockkonzert, ein Musiktheater, ein Happening, ein B\u00fchnenevent, ein fr\u00f6hlicher Abend. Es war der 23. Juni 1977, und alles war m\u00f6glich, etliches frei und vieles hochkonzentriert inszeniert, wie das Programmheft des Abends veranschaulicht.<\/p> <p style=\"text-align: left;\">Die musikalischen Hauptrollen \u00fcbernahm die Gruppe AUSZ: Kalle Burandt, Peter Dietz, Lucky Ruhnau, Martin Urrigshardt. 13 G\u00e4ste wirkten mit, darunter das fr\u00fchere AUSZ-Mitglied Tom Altrogge (Violine). Die f\u00fcr die Pause vorgesehene Diskussion zwischen Publikum und Band f\u00fchrten drei Sprecher auf: Max van Donken, A.S.H. Pelikan, Bruno Ruhrort. Die Fragen und Antworten standen bereits komplett im Programmheft. Und am Ende sangen alle 17 Teilnehmer gemeinsam zur akustischen Gitarre: \u201eEs ist Ausz \/ Wir gehen nach Haus\u2018 \/ Jeder wei\u00df es \/ Jeder schwarzes.\"<\/p> <p style=\"text-align: left;\">Mit dem gr\u00f6\u00dften Teil der Einnahmen wurden u.a. Transportkosten, Bonbonk\u00e4ufe und Mietschulden f\u00fcr den Proberaum beglichen. Mit dem Rest feierten alle 17 aktiven Teilnehmer und weitere G\u00e4ste einen weiteren gelungenen, nun aber privaten Abend mit AUSZ \u2013 nat\u00fcrlich nicht ohne Abrechnungen und Quittungen\u2026<\/p> <p>.<\/p>\n<img src=\"http:\/\/ausz.org\/wp-content\/uploads\/2016\/05\/Quittung-fu\u0308r-Reiztafel-EIN-ABEND-MIT-AUSZ.jpg\" width=\"1240\" height=\"1753\" title=\"Ein Abend mit AUSZ\" alt=\"Ein Abend mit AUSZ\">\n<h1>Quittung f\u00fcr Reiztafel<\/h1>\n<h3>EIN ABEND MIT AUSZ<\/h3> \n \n \n \n \n \n <img src=\"data:image\/svg+xml;charset=UTF-8,%3Csvg%20xmlns%3D%27http%3A%2F%2Fwww.w3.org%2F2000%2Fsvg%27%20width%3D%27743%27%20height%3D%271024%27%20fill%3D%27rgba%28255%2C255%2C255%2C.2%29%27%3E%3Crect%20width%3D%27100%25%27%20height%3D%27100%25%27%2F%3E%3C%2Fsvg%3E\" loading=\"lazy\" data-lazy=\"1\" decoding=\"async\" data-tf-src=\"http:\/\/ausz.org\/wp-content\/uploads\/2016\/05\/Ein-Abend-mit-AUSZ-1977-1-743x1024.jpg\" width=\"743\" height=\"1000\" title=\"Ein Abend mit AUSZ\" alt=\"Ein Abend mit AUSZ\"><noscript><img data-tf-not-load data-no-script src=\"http:\/\/ausz.org\/wp-content\/uploads\/2016\/05\/Ein-Abend-mit-AUSZ-1977-1-743x1024.jpg\" width=\"743\" height=\"1000\" title=\"Ein Abend mit AUSZ\" alt=\"Ein Abend mit AUSZ\"><\/noscript> \n \n \n \n \n \n \n <img src=\"data:image\/svg+xml;charset=UTF-8,%3Csvg%20xmlns%3D%27http%3A%2F%2Fwww.w3.org%2F2000%2Fsvg%27%20width%3D%271272%27%20height%3D%271752%27%20fill%3D%27rgba%28255%2C255%2C255%2C.2%29%27%3E%3Crect%20width%3D%27100%25%27%20height%3D%27100%25%27%2F%3E%3C%2Fsvg%3E\" loading=\"lazy\" data-lazy=\"1\" decoding=\"async\" data-tf-src=\"http:\/\/ausz.org\/wp-content\/uploads\/2016\/05\/Ein-Abend-mit-AUSZ-1977-2.jpg\" width=\"1272\" height=\"1000\" title=\"Ein Abend mit AUSZ\" alt=\"Ein Abend mit AUSZ\"><noscript><img data-tf-not-load data-no-script src=\"http:\/\/ausz.org\/wp-content\/uploads\/2016\/05\/Ein-Abend-mit-AUSZ-1977-2.jpg\" width=\"1272\" height=\"1000\" title=\"Ein Abend mit AUSZ\" alt=\"Ein Abend mit AUSZ\"><\/noscript> \n \n \n \n \n \n \n <img src=\"data:image\/svg+xml;charset=UTF-8,%3Csvg%20xmlns%3D%27http%3A%2F%2Fwww.w3.org%2F2000%2Fsvg%27%20width%3D%27743%27%20height%3D%271024%27%20fill%3D%27rgba%28255%2C255%2C255%2C.2%29%27%3E%3Crect%20width%3D%27100%25%27%20height%3D%27100%25%27%2F%3E%3C%2Fsvg%3E\" loading=\"lazy\" data-lazy=\"1\" decoding=\"async\" data-tf-src=\"http:\/\/ausz.org\/wp-content\/uploads\/2016\/05\/Ein-Abend-mit-AUSZ-1977-3-743x1024.jpg\" width=\"743\" height=\"1000\" title=\"Ein Abend mit AUSZ\" alt=\"Ein Abend mit AUSZ\"><noscript><img data-tf-not-load data-no-script src=\"http:\/\/ausz.org\/wp-content\/uploads\/2016\/05\/Ein-Abend-mit-AUSZ-1977-3-743x1024.jpg\" width=\"743\" height=\"1000\" title=\"Ein Abend mit AUSZ\" alt=\"Ein Abend mit AUSZ\"><\/noscript> \n \n \n \n \n \n \n <img src=\"data:image\/svg+xml;charset=UTF-8,%3Csvg%20xmlns%3D%27http%3A%2F%2Fwww.w3.org%2F2000%2Fsvg%27%20width%3D%27743%27%20height%3D%271024%27%20fill%3D%27rgba%28255%2C255%2C255%2C.2%29%27%3E%3Crect%20width%3D%27100%25%27%20height%3D%27100%25%27%2F%3E%3C%2Fsvg%3E\" loading=\"lazy\" data-lazy=\"1\" decoding=\"async\" data-tf-src=\"http:\/\/ausz.org\/wp-content\/uploads\/2016\/05\/Ein-Abend-mit-AUSZ-1977-4-743x1024.jpg\" width=\"743\" height=\"1000\" title=\"Ein Abend mit AUSZ\" alt=\"Ein Abend mit AUSZ\"><noscript><img data-tf-not-load data-no-script src=\"http:\/\/ausz.org\/wp-content\/uploads\/2016\/05\/Ein-Abend-mit-AUSZ-1977-4-743x1024.jpg\" width=\"743\" height=\"1000\" title=\"Ein Abend mit AUSZ\" alt=\"Ein Abend mit AUSZ\"><\/noscript> \n \n \n \n \n \n \n <img src=\"data:image\/svg+xml;charset=UTF-8,%3Csvg%20xmlns%3D%27http%3A%2F%2Fwww.w3.org%2F2000%2Fsvg%27%20width%3D%27743%27%20height%3D%271024%27%20fill%3D%27rgba%28255%2C255%2C255%2C.2%29%27%3E%3Crect%20width%3D%27100%25%27%20height%3D%27100%25%27%2F%3E%3C%2Fsvg%3E\" loading=\"lazy\" data-lazy=\"1\" decoding=\"async\" data-tf-src=\"http:\/\/ausz.org\/wp-content\/uploads\/2016\/05\/Ein-Abend-mit-AUSZ-1977-5-743x1024.jpg\" width=\"743\" height=\"1000\" title=\"Ein Abend mit AUSZ\" alt=\"Ein Abend mit AUSZ\"><noscript><img data-tf-not-load data-no-script src=\"http:\/\/ausz.org\/wp-content\/uploads\/2016\/05\/Ein-Abend-mit-AUSZ-1977-5-743x1024.jpg\" width=\"743\" height=\"1000\" title=\"Ein Abend mit AUSZ\" alt=\"Ein Abend mit AUSZ\"><\/noscript> \n \n \n \n \n \n \n <img src=\"data:image\/svg+xml;charset=UTF-8,%3Csvg%20xmlns%3D%27http%3A%2F%2Fwww.w3.org%2F2000%2Fsvg%27%20width%3D%27743%27%20height%3D%271024%27%20fill%3D%27rgba%28255%2C255%2C255%2C.2%29%27%3E%3Crect%20width%3D%27100%25%27%20height%3D%27100%25%27%2F%3E%3C%2Fsvg%3E\" loading=\"lazy\" data-lazy=\"1\" decoding=\"async\" data-tf-src=\"http:\/\/ausz.org\/wp-content\/uploads\/2016\/05\/Ein-Abend-mit-AUSZ-1977-6-743x1024.jpg\" width=\"743\" height=\"1000\" title=\"Ein Abend mit AUSZ\" alt=\"Ein Abend mit AUSZ\"><noscript><img data-tf-not-load data-no-script src=\"http:\/\/ausz.org\/wp-content\/uploads\/2016\/05\/Ein-Abend-mit-AUSZ-1977-6-743x1024.jpg\" width=\"743\" height=\"1000\" title=\"Ein Abend mit AUSZ\" alt=\"Ein Abend mit AUSZ\"><\/noscript> \n \n \n \n \n \n \n <img src=\"data:image\/svg+xml;charset=UTF-8,%3Csvg%20xmlns%3D%27http%3A%2F%2Fwww.w3.org%2F2000%2Fsvg%27%20width%3D%27743%27%20height%3D%271024%27%20fill%3D%27rgba%28255%2C255%2C255%2C.2%29%27%3E%3Crect%20width%3D%27100%25%27%20height%3D%27100%25%27%2F%3E%3C%2Fsvg%3E\" loading=\"lazy\" data-lazy=\"1\" decoding=\"async\" data-tf-src=\"http:\/\/ausz.org\/wp-content\/uploads\/2016\/05\/Ein-Abend-mit-AUSZ-1977-7-743x1024.jpg\" width=\"743\" height=\"1000\" title=\"Ein Abend mit AUSZ\" alt=\"Ein Abend mit AUSZ\"><noscript><img data-tf-not-load data-no-script src=\"http:\/\/ausz.org\/wp-content\/uploads\/2016\/05\/Ein-Abend-mit-AUSZ-1977-7-743x1024.jpg\" width=\"743\" height=\"1000\" title=\"Ein Abend mit AUSZ\" alt=\"Ein Abend mit AUSZ\"><\/noscript>","_links":{"self":[{"href":"https:\/\/ausz.org\/index.php?rest_route=\/wp\/v2\/pages\/125"}],"collection":[{"href":"https:\/\/ausz.org\/index.php?rest_route=\/wp\/v2\/pages"}],"about":[{"href":"https:\/\/ausz.org\/index.php?rest_route=\/wp\/v2\/types\/page"}],"author":[{"embeddable":true,"href":"https:\/\/ausz.org\/index.php?rest_route=\/wp\/v2\/users\/1"}],"replies":[{"embeddable":true,"href":"https:\/\/ausz.org\/index.php?rest_route=%2Fwp%2Fv2%2Fcomments&post=125"}],"version-history":[{"count":10,"href":"https:\/\/ausz.org\/index.php?rest_route=\/wp\/v2\/pages\/125\/revisions"}],"predecessor-version":[{"id":7292,"href":"https:\/\/ausz.org\/index.php?rest_route=\/wp\/v2\/pages\/125\/revisions\/7292"}],"wp:attachment":[{"href":"https:\/\/ausz.org\/index.php?rest_route=%2Fwp%2Fv2%2Fmedia&parent=125"}],"curies":[{"name":"wp","href":"https:\/\/api.w.org\/{rel}","templated":true}]}}